{"id":721,"date":"2026-03-11T04:40:59","date_gmt":"2026-03-11T10:40:59","guid":{"rendered":"https:\/\/ericalais.com\/?page_id=721"},"modified":"2026-04-01T04:36:57","modified_gmt":"2026-04-01T10:36:57","slug":"recursos","status":"publish","type":"page","link":"https:\/\/ericalais.com\/en\/recursos\/","title":{"rendered":"Resources"},"content":{"rendered":"<div data-elementor-type=\"wp-page\" data-elementor-id=\"721\" class=\"elementor elementor-721\" data-elementor-post-type=\"page\">\n\t\t\t\t<div class=\"elementor-element elementor-element-08e9fc2 e-flex e-con-boxed wpr-particle-no wpr-jarallax-no wpr-parallax-no wpr-sticky-section-no e-con e-parent\" data-id=\"08e9fc2\" data-element_type=\"container\" data-e-type=\"container\" data-settings=\"{&quot;background_background&quot;:&quot;classic&quot;}\">\n\t\t\t\t\t<div class=\"e-con-inner\">\n\t\t<div class=\"elementor-element elementor-element-bafa0c2 e-grid e-con-full wpr-particle-no wpr-jarallax-no wpr-parallax-no wpr-sticky-section-no e-con e-child\" data-id=\"bafa0c2\" data-element_type=\"container\" data-e-type=\"container\">\n\t\t<div class=\"elementor-element elementor-element-29a883c e-con-full e-flex wpr-particle-no wpr-jarallax-no wpr-parallax-no wpr-sticky-section-no e-con e-child\" data-id=\"29a883c\" data-element_type=\"container\" data-e-type=\"container\">\n\t\t\t\t<div class=\"elementor-element elementor-element-4abd1d1 elementor-widget elementor-widget-heading\" data-id=\"4abd1d1\" data-element_type=\"widget\" data-e-type=\"widget\" data-widget_type=\"heading.default\">\n\t\t\t\t<div class=\"elementor-widget-container\">\n\t\t\t\t\t<h6 class=\"elementor-heading-title elementor-size-default\">Digital Resources\n<\/h6>\t\t\t\t<\/div>\n\t\t\t\t<\/div>\n\t\t\t\t<div class=\"elementor-element elementor-element-1c88d0c elementor-widget elementor-widget-heading\" data-id=\"1c88d0c\" data-element_type=\"widget\" data-e-type=\"widget\" data-widget_type=\"heading.default\">\n\t\t\t\t<div class=\"elementor-widget-container\">\n\t\t\t\t\t<h2 class=\"elementor-heading-title elementor-size-default\">Digital Resources<\/h2>\t\t\t\t<\/div>\n\t\t\t\t<\/div>\n\t\t\t\t<div class=\"elementor-element elementor-element-4bffba0 elementor-widget elementor-widget-heading\" data-id=\"4bffba0\" data-element_type=\"widget\" data-e-type=\"widget\" data-widget_type=\"heading.default\">\n\t\t\t\t<div class=\"elementor-widget-container\">\n\t\t\t\t\t<h4 class=\"elementor-heading-title elementor-size-default\">If you are going through a moment of change in your career, these resources will help you gain clarity, make decisions with more confidence, and prepare for new opportunities.\n<\/h4>\t\t\t\t<\/div>\n\t\t\t\t<\/div>\n\t\t\t\t<div class=\"elementor-element elementor-element-60e8e00 elementor-widget elementor-widget-heading\" data-id=\"60e8e00\" data-element_type=\"widget\" data-e-type=\"widget\" data-widget_type=\"heading.default\">\n\t\t\t\t<div class=\"elementor-widget-container\">\n\t\t\t\t\t<h4 class=\"elementor-heading-title elementor-size-default\">They are practical tools designed so you can start working on your career today.<\/h4>\t\t\t\t<\/div>\n\t\t\t\t<\/div>\n\t\t\t\t<\/div>\n\t\t<div class=\"elementor-element elementor-element-129f8f5 e-con-full e-flex wpr-particle-no wpr-jarallax-no wpr-parallax-no wpr-sticky-section-no e-con e-child\" data-id=\"129f8f5\" data-element_type=\"container\" data-e-type=\"container\">\n\t\t\t\t<div class=\"elementor-element elementor-element-62af2ea elementor-widget elementor-widget-image\" data-id=\"62af2ea\" data-element_type=\"widget\" data-e-type=\"widget\" data-widget_type=\"image.default\">\n\t\t\t\t<div class=\"elementor-widget-container\">\n\t\t\t\t\t\t\t\t\t\t\t\t\t\t\t<img fetchpriority=\"high\" decoding=\"async\" width=\"800\" height=\"909\" src=\"https:\/\/ericalais.com\/wp-content\/uploads\/2026\/04\/22A9065-Photoroom-1-901x1024.webp\" class=\"attachment-large size-large wp-image-2516\" alt=\"\" srcset=\"https:\/\/ericalais.com\/wp-content\/uploads\/2026\/04\/22A9065-Photoroom-1-901x1024.webp 901w, https:\/\/ericalais.com\/wp-content\/uploads\/2026\/04\/22A9065-Photoroom-1-264x300.webp 264w, https:\/\/ericalais.com\/wp-content\/uploads\/2026\/04\/22A9065-Photoroom-1-768x873.webp 768w, https:\/\/ericalais.com\/wp-content\/uploads\/2026\/04\/22A9065-Photoroom-1-11x12.webp 11w, https:\/\/ericalais.com\/wp-content\/uploads\/2026\/04\/22A9065-Photoroom-1.webp 989w\" sizes=\"(max-width: 800px) 100vw, 800px\" \/>\t\t\t\t\t\t\t\t\t\t\t\t\t\t\t<\/div>\n\t\t\t\t<\/div>\n\t\t\t\t<\/div>\n\t\t\t\t<\/div>\n\t\t\t\t\t<\/div>\n\t\t\t\t<\/div>\n\t\t<div class=\"elementor-element elementor-element-f098ca6 e-flex e-con-boxed wpr-particle-no wpr-jarallax-no wpr-parallax-no wpr-sticky-section-no e-con e-parent\" data-id=\"f098ca6\" data-element_type=\"container\" data-e-type=\"container\" data-settings=\"{&quot;background_background&quot;:&quot;classic&quot;}\">\n\t\t\t\t\t<div class=\"e-con-inner\">\n\t\t<div class=\"elementor-element elementor-element-0a57828 e-con-full e-flex wpr-particle-no wpr-jarallax-no wpr-parallax-no wpr-sticky-section-no e-con e-child\" data-id=\"0a57828\" data-element_type=\"container\" data-e-type=\"container\">\n\t\t\t\t<div class=\"elementor-element elementor-element-27d3cb5 elementor-widget elementor-widget-html\" data-id=\"27d3cb5\" data-element_type=\"widget\" data-e-type=\"widget\" data-widget_type=\"html.default\">\n\t\t\t\t<div class=\"elementor-widget-container\">\n\t\t\t\t\t<div class=\"resource-section\">\r\n  <div class=\"resource-grid\">\r\n\r\n    <!-- CARD 1 -->\r\n    <div class=\"res-card\">\r\n      <div class=\"card-content\">\r\n\r\n        <div class=\"res-header\">\r\n          <span class=\"res-badge\">Reinvent yourself<\/span>\r\n        <\/div>\r\n\r\n        <h3 class=\"res-title\">The 6 Boxes Talent Map\u2122<\/h3>\r\n\r\n        <p class=\"res-desc\">\r\n          Discover talents that you may not be using yet and new ways to generate opportunities or additional income.\r\n        <\/p>\r\n\r\n        <p class=\"res-desc\">\r\n          Este recurso incluye el 6 Boxes Talent Map\u2122, un framework dise\u00f1ado para ayudarte a identificar talentos, habilidades y capacidades que pueden abrir nuevas oportunidades profesionales.\r\n        <\/p>\r\n\r\n        <p class=\"res-desc\">\r\n          It is a practical tool to look at your experience from another perspective and discover new ways to use your talent.\r\n        <\/p>\r\n\r\n        <p class=\"res-desc-li\">Includes:<\/p>\r\n\r\n        <ul>\r\n          <li class=\"res-desc-li\">explanation of the 6 Boxes Talent Map\u2122 framework<\/li>\r\n          <li class=\"res-desc-li\">step-by-step guide to mapping your talents<\/li>\r\n          <li class=\"res-desc-li\">reflection workbook<\/li>\r\n          <li class=\"res-desc-li\">ejercicios para identificar oportunidades profesionales<\/li>\r\n        <\/ul>\r\n\r\n        <div class=\"res-formato\">\r\n          <p class=\"res-desc-formato\">Format:<\/p>\r\n          <p class=\"res-desc-li\">Framework + practical guide + downloadable workbook<\/p>\r\n        <\/div>\r\n\r\n      <\/div>\r\n\r\n      <a href=\"#\" class=\"res-main-btn\">Discover my talents<\/a>\r\n    <\/div>\r\n\r\n\r\n    <!-- CARD 2 -->\r\n    <div class=\"res-card\">\r\n      <div class=\"card-content\">\r\n\r\n        <div class=\"res-header\">\r\n          <span class=\"res-badge\">Career Clarity<\/span>\r\n        <\/div>\r\n\r\n        <h3 class=\"res-title\">Career Positioning Diagnostic<\/h3>\r\n\r\n        <p class=\"res-desc\">\r\n          Recupera claridad sobre el siguiente paso de tu carrera.\r\n        <\/p>\r\n\r\n        <p class=\"res-desc\">\r\n          Incluye un Career Positioning Diagnostic, una herramienta de autoevaluaci\u00f3n dise\u00f1ada para ayudarte a identificar si tu carrera necesita claridad.\r\n        <\/p>\r\n\r\n        <p class=\"res-desc-li\">Includes:<\/p>\r\n\r\n        <ul>\r\n          <li class=\"res-desc-li\">Career Positioning Diagnostic<\/li>\r\n          <li class=\"res-desc-li\">guide to analyze your professional situation<\/li>\r\n          <li class=\"res-desc-li\">strategic reflection exercises<\/li>\r\n          <li class=\"res-desc-li\">workbook para definir direcciones profesionales<\/li>\r\n        <\/ul>\r\n\r\n        <div class=\"res-formato\">\r\n          <p class=\"res-desc-formato\">Format:<\/p>\r\n          <p class=\"res-desc-li\">Diagnostic + practical guide + downloadable workbook<\/p>\r\n        <\/div>\r\n\r\n      <\/div>\r\n\r\n      <a href=\"#\" class=\"res-main-btn\">Recover clarity<\/a>\r\n    <\/div>\r\n\r\n\r\n    <!-- CARD 3 -->\r\n    <div class=\"res-card\">\r\n      <div class=\"card-content\">\r\n\r\n        <div class=\"res-header\">\r\n          <span class=\"res-badge\">Job Ready<\/span>\r\n        <\/div>\r\n\r\n        <h3 class=\"res-title\">Interview Strategy Toolkit<\/h3>\r\n\r\n        <p class=\"res-desc\">\r\n          Prep\u00e1rate para comunicar tu experiencia con claridad.\r\n        <\/p>\r\n\r\n        <p class=\"res-desc\">\r\n          Este recurso te ayudar\u00e1 a preparar entrevistas con una estrategia clara.\r\n        <\/p>\r\n\r\n        <p class=\"res-desc-li\">Includes:<\/p>\r\n\r\n        <ul>\r\n          <li class=\"res-desc-li\">interview preparation guide<\/li>\r\n          <li class=\"res-desc-li\">structure to answer key questions<\/li>\r\n          <li class=\"res-desc-li\">Interview Narrative Builder template<\/li>\r\n          <li class=\"res-desc-li\">ejercicios para comunicar logros<\/li>\r\n        <\/ul>\r\n\r\n        <div class=\"res-formato\">\r\n          <p class=\"res-desc-formato\">Format:<\/p>\r\n          <p class=\"res-desc-li\">Practical guide + toolkit + downloadable workbook<\/p>\r\n        <\/div>\r\n\r\n      <\/div>\r\n\r\n      <a href=\"#\" class=\"res-main-btn\">Prepare for interviews<\/a>\r\n    <\/div>\r\n\r\n  <\/div>\r\n<\/div>\r\n\r\n<style>\r\n    :root {\r\n  --primary-orange: #F59653;\r\n  --primary-orange-hover: #D6845B;\r\n  --text-grey: #666;\r\n  --card-shadow: 0 4px 15px rgba(0,0,0,0.08);\r\n}\r\n\r\n.resource-section{\r\n  padding:20px;\r\n  font-family:sans-serif;\r\n}\r\n\r\n.resource-grid{\r\n  display:grid;\r\n  grid-template-columns:repeat(auto-fit,minmax(300px,1fr));\r\n  gap:25px;\r\n}\r\n\r\n.res-card{\r\n  background:white;\r\n  border-radius:20px;\r\n  padding:25px;\r\n  box-shadow:var(--card-shadow);\r\n  display:flex;\r\n  flex-direction:column;\r\n  height:100%;\r\n}\r\n\r\n.card-content{\r\n  display:flex;\r\n  flex-direction:column;\r\n  flex-grow:1;\r\n}\r\n\r\n.res-header{\r\n  margin-bottom:15px;\r\n}\r\n\r\n.res-badge{\r\n  color:var(--primary-orange);\r\n  font-size:12px;\r\n  font-weight:600;\r\n  background:#fff1e6;\r\n  padding:5px 12px;\r\n  border-radius:20px;\r\n  text-transform:uppercase;\r\n}\r\n\r\n.res-title{\r\n  font-size:18px;\r\n  margin:10px 0;\r\n}\r\n\r\n.res-desc{\r\n  font-size:14px;\r\n  color:var(--text-grey);\r\n  margin-bottom:12px;\r\n  line-height:1.6;\r\n}\r\n\r\n.res-desc-li{\r\n  font-size:14px;\r\n  color:var(--text-grey);\r\n}\r\n\r\n.res-desc-formato{\r\n  font-weight:600;\r\n  margin-top:10px;\r\n}\r\n\r\n\/* KEY FIX *\/\r\n.res-formato{\r\n  margin-top:auto;\r\n}\r\n\r\n.res-main-btn{\r\n  background:var(--primary-orange);\r\n  color:white;\r\n  text-align:center;\r\n  padding:14px;\r\n  border-radius:25px;\r\n  margin-top:20px;\r\n  text-decoration:none;\r\n  transition:.3s;\r\n}\r\n\r\n.res-main-btn:hover{\r\n  background:var(--primary-orange-hover);\r\n}\r\n<\/style>\t\t\t\t<\/div>\n\t\t\t\t<\/div>\n\t\t\t\t<\/div>\n\t\t\t\t\t<\/div>\n\t\t\t\t<\/div>\n\t\t<div class=\"elementor-element elementor-element-35f7275 e-flex e-con-boxed wpr-particle-no wpr-jarallax-no wpr-parallax-no wpr-sticky-section-no e-con e-parent\" data-id=\"35f7275\" data-element_type=\"container\" data-e-type=\"container\" data-settings=\"{&quot;background_background&quot;:&quot;classic&quot;}\">\n\t\t\t\t\t<div class=\"e-con-inner\">\n\t\t\t\t<div class=\"elementor-element elementor-element-c3bb9c2 elementor-widget-mobile__width-initial elementor-widget-tablet__width-initial elementor-widget elementor-widget-heading\" data-id=\"c3bb9c2\" data-element_type=\"widget\" data-e-type=\"widget\" data-widget_type=\"heading.default\">\n\t\t\t\t<div class=\"elementor-widget-container\">\n\t\t\t\t\t<h2 class=\"elementor-heading-title elementor-size-default\">Are you looking for a more personalized strategy for your career?\n<\/h2>\t\t\t\t<\/div>\n\t\t\t\t<\/div>\n\t\t\t\t<div class=\"elementor-element elementor-element-457c225 elementor-widget__width-initial elementor-widget elementor-widget-text-editor\" data-id=\"457c225\" data-element_type=\"widget\" data-e-type=\"widget\" data-widget_type=\"text-editor.default\">\n\t\t\t\t<div class=\"elementor-widget-container\">\n\t\t\t\t\t\t\t\t\t<p>If you need to work on your professional situation in a deeper way, you can explore my 1:1 coaching programs.<\/p>\t\t\t\t\t\t\t\t<\/div>\n\t\t\t\t<\/div>\n\t\t<div class=\"elementor-element elementor-element-edc878f e-con-full e-flex wpr-particle-no wpr-jarallax-no wpr-parallax-no wpr-sticky-section-no e-con e-child\" data-id=\"edc878f\" data-element_type=\"container\" data-e-type=\"container\">\n\t\t\t\t<div class=\"elementor-element elementor-element-e9064ca elementor-widget-mobile__width-initial elementor-widget elementor-widget-eael-creative-button\" data-id=\"e9064ca\" data-element_type=\"widget\" data-e-type=\"widget\" data-widget_type=\"eael-creative-button.default\">\n\t\t\t\t<div class=\"elementor-widget-container\">\n\t\t\t\t\t        <div class=\"eael-creative-button-wrapper\">\n\n            <a class=\"eael-creative-button eael-creative-button--default\" href=\"\/en\/programas-de-coaching\/\" data-text=\"Ver programas de coaching\">\n            \t    \n                <div class=\"creative-button-inner\">\n\n                    \n                    <span class=\"cretive-button-text\">See coaching programs<\/span>\n\n                                    <\/div>\n\t                        <\/a>\n        <\/div>\n        \t\t\t\t<\/div>\n\t\t\t\t<\/div>\n\t\t\t\t<div class=\"elementor-element elementor-element-8fa024f elementor-widget-mobile__width-initial elementor-widget elementor-widget-eael-creative-button\" data-id=\"8fa024f\" data-element_type=\"widget\" data-e-type=\"widget\" data-widget_type=\"eael-creative-button.default\">\n\t\t\t\t<div class=\"elementor-widget-container\">\n\t\t\t\t\t        <div class=\"eael-creative-button-wrapper\">\n\n            <a class=\"eael-creative-button eael-creative-button--default\" href=\"https:\/\/wa.me\/525659073473\" target=\"_blank\" data-text=\"Quiero tener m\u00e1s informaci\u00f3n\">\n            \t    \n                <div class=\"creative-button-inner\">\n\n                    \n                    <span class=\"cretive-button-text\">I want to have more information<\/span>\n\n                                            <span class=\"eael-creative-button-icon-right\"><svg aria-hidden=\"true\" class=\"e-font-icon-svg e-fab-whatsapp\" viewbox=\"0 0 448 512\" xmlns=\"http:\/\/www.w3.org\/2000\/svg\"><path d=\"M380.9 97.1C339 55.1 283.2 32 223.9 32c-122.4 0-222 99.6-222 222 0 39.1 10.2 77.3 29.6 111L0 480l117.7-30.9c32.4 17.7 68.9 27 106.1 27h.1c122.3 0 224.1-99.6 224.1-222 0-59.3-25.2-115-67.1-157zm-157 341.6c-33.2 0-65.7-8.9-94-25.7l-6.7-4-69.8 18.3L72 359.2l-4.4-7c-18.5-29.4-28.2-63.3-28.2-98.2 0-101.7 82.8-184.5 184.6-184.5 49.3 0 95.6 19.2 130.4 54.1 34.8 34.9 56.2 81.2 56.1 130.5 0 101.8-84.9 184.6-186.6 184.6zm101.2-138.2c-5.5-2.8-32.8-16.2-37.9-18-5.1-1.9-8.8-2.8-12.5 2.8-3.7 5.6-14.3 18-17.6 21.8-3.2 3.7-6.5 4.2-12 1.4-32.6-16.3-54-29.1-75.5-66-5.7-9.8 5.7-9.1 16.3-30.3 1.8-3.7.9-6.9-.5-9.7-1.4-2.8-12.5-30.1-17.1-41.2-4.5-10.8-9.1-9.3-12.5-9.5-3.2-.2-6.9-.2-10.6-.2-3.7 0-9.7 1.4-14.8 6.9-5.1 5.6-19.4 19-19.4 46.3 0 27.3 19.9 53.7 22.6 57.4 2.8 3.7 39.1 59.7 94.8 83.8 35.2 15.2 49 16.5 66.6 13.9 10.7-1.6 32.8-13.4 37.4-26.4 4.6-13 4.6-24.1 3.2-26.4-1.3-2.5-5-3.9-10.5-6.6z\"><\/path><\/svg><\/span>                                    <\/div>\n\t                        <\/a>\n        <\/div>\n        \t\t\t\t<\/div>\n\t\t\t\t<\/div>\n\t\t\t\t<\/div>\n\t\t\t\t\t<\/div>\n\t\t\t\t<\/div>\n\t\t\t\t<\/div>","protected":false},"excerpt":{"rendered":"<p>Recursos Digitales Recursos Digitales Si est\u00e1s atravesando un momento de cambio en tu carrera, estos recursos te ayudar\u00e1n a ganar claridad, tomar decisiones con m\u00e1s confianza y prepararte para nuevas oportunidades. Son herramientas pr\u00e1cticas dise\u00f1adas para que puedas empezar a trabajar en tu carrera desde hoy. Reinventate The 6 Boxes Talent Map\u2122 Descubre talentos que quiz\u00e1s a\u00fan no est\u00e1s utilizando y nuevas formas de generar oportunidades o ingresos adicionales. Este recurso incluye el 6 Boxes Talent Map\u2122, un framework dise\u00f1ado para ayudarte a identificar talentos, habilidades y capacidades que pueden abrir nuevas oportunidades profesionales. Es una herramienta pr\u00e1ctica para mirar tu experiencia desde otra perspectiva y descubrir nuevas formas de utilizar tu talento. Incluye: explicaci\u00f3n del framework 6 Boxes Talent Map\u2122 gu\u00eda paso a paso para mapear tus talentos workbook de reflexi\u00f3n ejercicios para identificar oportunidades profesionales Formato: Framework + gu\u00eda pr\u00e1ctica + workbook descargable Descubrir mis talentos Career Clarity Career Positioning Diagnostic Recupera claridad sobre el siguiente paso de tu carrera. Incluye un Career Positioning Diagnostic, una herramienta de autoevaluaci\u00f3n dise\u00f1ada para ayudarte a identificar si tu carrera necesita claridad. Incluye: Career Positioning Diagnostic gu\u00eda para analizar tu situaci\u00f3n profesional ejercicios de reflexi\u00f3n estrat\u00e9gica workbook para definir direcciones profesionales Formato: Diagnostic + gu\u00eda pr\u00e1ctica + workbook descargable Recuperar claridad Job Ready Interview Strategy Toolkit Prep\u00e1rate para comunicar tu experiencia con claridad. Este recurso te ayudar\u00e1 a preparar entrevistas con una estrategia clara. Incluye: gu\u00eda de preparaci\u00f3n para entrevistas estructura para responder preguntas clave plantilla Interview Narrative Builder ejercicios para comunicar logros Formato: Gu\u00eda pr\u00e1ctica + toolkit + workbook descargable Prepararme para entrevistas \u00bfBuscas una estrategia m\u00e1s personalizada para tu carrera? Si necesitas trabajar tu situaci\u00f3n profesional de forma m\u00e1s profunda, puedes explorar mis programas de coaching 1:1. Ver programas de coaching Quiero tener m\u00e1s informaci\u00f3n<\/p>","protected":false},"author":2,"featured_media":0,"parent":0,"menu_order":0,"comment_status":"closed","ping_status":"closed","template":"","meta":{"footnotes":""},"class_list":["post-721","page","type-page","status-publish","hentry"],"_links":{"self":[{"href":"https:\/\/ericalais.com\/en\/wp-json\/wp\/v2\/pages\/721"}],"collection":[{"href":"https:\/\/ericalais.com\/en\/wp-json\/wp\/v2\/pages"}],"about":[{"href":"https:\/\/ericalais.com\/en\/wp-json\/wp\/v2\/types\/page"}],"author":[{"embeddable":true,"href":"https:\/\/ericalais.com\/en\/wp-json\/wp\/v2\/users\/2"}],"replies":[{"embeddable":true,"href":"https:\/\/ericalais.com\/en\/wp-json\/wp\/v2\/comments?post=721"}],"version-history":[{"count":184,"href":"https:\/\/ericalais.com\/en\/wp-json\/wp\/v2\/pages\/721\/revisions"}],"predecessor-version":[{"id":2519,"href":"https:\/\/ericalais.com\/en\/wp-json\/wp\/v2\/pages\/721\/revisions\/2519"}],"wp:attachment":[{"href":"https:\/\/ericalais.com\/en\/wp-json\/wp\/v2\/media?parent=721"}],"curies":[{"name":"wp","href":"https:\/\/api.w.org\/{rel}","templated":true}]}}